{"id":2261,"date":"2015-03-12T16:17:44","date_gmt":"2015-03-12T16:17:44","guid":{"rendered":"http:\/\/demo-content.kaliumtheme.com\/main\/?page_id=2261"},"modified":"2024-06-13T14:00:34","modified_gmt":"2024-06-13T12:00:34","slug":"contact","status":"publish","type":"page","link":"https:\/\/www.larsschneider.com\/ov\/ls\/contact\/","title":{"rendered":"Contact"},"content":{"rendered":"<div class=\"wpb-content-wrapper\"><p>[vc_row][vc_column][vc_empty_space height=&#8220;200px&#8220;][\/vc_column][\/vc_row][vc_row][vc_column width=&#8220;1\/3&#8243;][vc_single_image image=&#8220;7478&#8243; img_size=&#8220;full&#8220; css_animation=&#8220;fadeIn&#8220;][vc_column_text]a little film about me: <a href=\"https:\/\/vimeo.com\/170457798\" target=\"_blank\" rel=\"noopener noreferrer\">vimeo.com\/170457798<\/a>[\/vc_column_text][\/vc_column][vc_column width=&#8220;1\/3&#8243;][vc_column_text css=&#8220;&#8220;]<a href=\"mailto:lars@larsschneider.com\">lars@larsschneider.com<\/a><\/p>\n<p><strong>+47 466 67 924<br \/>\n<\/strong><\/p>\n<p><strong>\u202d+49 170 2718194\u202c<\/strong>[\/vc_column_text][vc_column_text]Tax ID Norway: NO 923 679 022[\/vc_column_text][lab_vc_social_networks display_type=&#8220;rounded-icons&#8220; colored=&#8220;text&#8220;][\/vc_column][vc_column width=&#8220;1\/3&#8243;][\/vc_column][\/vc_row][vc_row][vc_column][vc_column_text css=&#8220;.vc_custom_1492965240238{margin-bottom: 10px !important;padding-bottom: 0px !important;}&#8220;]<\/p>\n<h3>selected clients<\/h3>\n<p>[\/vc_column_text][vc_column_text]Asics | ADAC Reisemagazin | Bombtrack Bikes | Brooks Running | Canyon Bikes | MSR I Deuter | Eurostar | Garmin I GEO Special | GEO Saison | Globetrotter Ausr\u00fcstung | Gore | Houdini | Intersport | Led Lenser | Marmot | Mecklenburg-Vorpommern Tourismus | Men\u2019s Health | National Geographic Germany | National Geographic Adventure | Norr | Nordea I Ortlieb | outdoor Magazin | Patagonia | Pentax | Powerbar | R\u00fcgen Tourismus | Salomon | Stevens Bikes | Stetson | Tatonka | Vaude | Zeiss | Fj\u00e4llr\u00e4ven | Riese &amp; M\u00fcller | Dometic | Bauerfeind | Ecco | Hess Natur<\/p>\n<p>[\/vc_column_text][vc_empty_space height=&#8220;150px&#8220;][vc_column_text]<\/p>\n<div style=\"font-size: 10px;\" align=\"left\">This website uses Google Analytics, a web analytics service provided by Google, Inc. (\u201cGoogle\u201d). Google Analytics uses \u201ccookies\u201d, which are text files placed on your computer, to help the website analyze how users use the site. The information generated by the cookie about your use of the website (including your IP address) will be transmitted to and stored by Google on servers in the United States. In case of activation of the IP anonymization, Google will truncate\/anonymize the last octet of the IP address for Member States of the European Union as well as for other parties to the Agreement on the European Economic Area. Only in exceptional cases, the full IP address is sent to and shortened by Google servers in the USA. On behalf of the website provider Google will use this information for the purpose of evaluating your use of the website, compiling reports on website activity for website operators and providing other services relating to website activity and internet usage to the website provider. Google will not associate your IP address with any other data held by Google. You may refuse the use of cookies by selecting the appropriate settings on your browser. However, please note that if you do this, you may not be able to use the full functionality of this website. Furthermore you can prevent Google\u2019s collection and use of data (cookies and IP address) by downloading and installing the browser plug-in available under <a href=\"https:\/\/tools.google.com\/dlpage\/gaoptout?hl=en-GB\" target=\"_blank\" rel=\"noopener noreferrer\">https:\/\/tools.google.com\/dlpage\/gaoptout?hl=en-GB<\/a>.You can refuse the use of Google Analytics by clicking on the following link. An opt-out cookie will be set on the computer, which prevents the future collection of your data when visiting this website:<br \/>\n<strong><a>Disable Google Analytics<\/a><\/strong>Further information concerning the terms and conditions of use and data privacy can be found at <a href=\"http:\/\/www.google.com\/analytics\/terms\/gb.html\" target=\"_blank\" rel=\"noopener noreferrer\">http:\/\/www.google.com\/analytics\/terms\/gb.html<\/a> or at <a href=\"https:\/\/www.google.de\/intl\/en_uk\/policies\/\" target=\"_blank\" rel=\"noopener noreferrer\">https:\/\/www.google.de\/intl\/en_uk\/policies\/<\/a>. Please note that on this website, Google Analytics code is supplemented by \u201canonymizeIp\u201d to ensure an anonymized collection of IP addresses (so called IP-masking).<\/div>\n<p>[\/vc_column_text][\/vc_column][\/vc_row]<\/p>\n<\/div>","protected":false},"excerpt":{"rendered":"<p>[vc_row][vc_column][vc_empty_space height=&#8220;200px&#8220;][\/vc_column][\/vc_row][vc_row][vc_column width=&#8220;1\/3&#8243;][vc_single_image image=&#8220;7478&#8243; img_size=&#8220;full&#8220; css_animation=&#8220;fadeIn&#8220;][vc_column_text]a little film about me: vimeo.com\/170457798[\/vc_column_text][\/vc_column][vc_column width=&#8220;1\/3&#8243;][vc_column_text css=&#8220;&#8220;]lars@larsschneider.com +47 466 67 924 \u202d+49 170 2718194\u202c[\/vc_column_text][vc_column_text]Tax ID Norway: NO 923 679 022[\/vc_column_text][lab_vc_social_networks display_type=&#8220;rounded-icons&#8220; colored=&#8220;text&#8220;][\/vc_column][vc_column width=&#8220;1\/3&#8243;][\/vc_column][\/vc_row][vc_row][vc_column][vc_column_text css=&#8220;.vc_custom_1492965240238{margin-bottom: 10px !important;padding-bottom: 0px !important;}&#8220;] selected clients [\/vc_column_text][vc_column_text]Asics | ADAC Reisemagazin | Bombtrack Bikes | Brooks Running | Canyon Bikes | MSR I Deuter | Eurostar&hellip;<\/p>\n","protected":false},"author":1,"featured_media":0,"parent":0,"menu_order":0,"comment_status":"open","ping_status":"open","template":"","meta":{"_acf_changed":false,"footnotes":""},"class_list":["post-2261","page","type-page","status-publish","hentry"],"acf":[],"_links":{"self":[{"href":"https:\/\/www.larsschneider.com\/ov\/ls\/wp-json\/wp\/v2\/pages\/2261","targetHints":{"allow":["GET"]}}],"collection":[{"href":"https:\/\/www.larsschneider.com\/ov\/ls\/wp-json\/wp\/v2\/pages"}],"about":[{"href":"https:\/\/www.larsschneider.com\/ov\/ls\/wp-json\/wp\/v2\/types\/page"}],"author":[{"embeddable":true,"href":"https:\/\/www.larsschneider.com\/ov\/ls\/wp-json\/wp\/v2\/users\/1"}],"replies":[{"embeddable":true,"href":"https:\/\/www.larsschneider.com\/ov\/ls\/wp-json\/wp\/v2\/comments?post=2261"}],"version-history":[{"count":48,"href":"https:\/\/www.larsschneider.com\/ov\/ls\/wp-json\/wp\/v2\/pages\/2261\/revisions"}],"predecessor-version":[{"id":7856,"href":"https:\/\/www.larsschneider.com\/ov\/ls\/wp-json\/wp\/v2\/pages\/2261\/revisions\/7856"}],"wp:attachment":[{"href":"https:\/\/www.larsschneider.com\/ov\/ls\/wp-json\/wp\/v2\/media?parent=2261"}],"curies":[{"name":"wp","href":"https:\/\/api.w.org\/{rel}","templated":true}]}}